{"id":523,"date":"2023-03-15T08:47:49","date_gmt":"2023-03-15T08:47:49","guid":{"rendered":"https:\/\/archivovirtual.ayto-alcaladehenares.es\/?page_id=523"},"modified":"2023-03-17T19:54:06","modified_gmt":"2023-03-17T19:54:06","slug":"que-es-un-archivo-municipal","status":"publish","type":"page","link":"https:\/\/archivovirtual.ayto-alcaladehenares.es\/index.php\/que-es-un-archivo-municipal\/","title":{"rendered":"que es un archivo municipal"},"content":{"rendered":"<section class=\"wpb-content-wrapper\"><p>[vc_row css_animation=\u00bb\u00bb row_type=\u00bbrow\u00bb use_row_as_full_screen_section=\u00bbno\u00bb type=\u00bbfull_width\u00bb angled_section=\u00bbno\u00bb text_align=\u00bbleft\u00bb background_image_as_pattern=\u00bbwithout_pattern\u00bb][vc_column][layerslider_vc id=\u00bb24&#8243;][\/vc_column][\/vc_row][vc_row css_animation=\u00bb\u00bb row_type=\u00bbrow\u00bb use_row_as_full_screen_section=\u00bbno\u00bb type=\u00bbfull_width\u00bb angled_section=\u00bbno\u00bb text_align=\u00bbleft\u00bb background_image_as_pattern=\u00bbwithout_pattern\u00bb][vc_column][vc_empty_space][\/vc_column][\/vc_row][vc_row css_animation=\u00bb\u00bb row_type=\u00bbrow\u00bb use_row_as_full_screen_section=\u00bbno\u00bb type=\u00bbfull_width\u00bb angled_section=\u00bbno\u00bb text_align=\u00bbleft\u00bb background_image_as_pattern=\u00bbwithout_pattern\u00bb z_index=\u00bb\u00bb side_padding=\u00bb10&#8243;][vc_column][vc_column_text]<\/p>\n<p style=\"text-align: justify;\">A trav\u00e9s de este v\u00eddeo realizado por la Comunidad de Madrid podr\u00e1s conocer en profundidad que es un Archivo Municipal y cuales son sus funciones. En \u00e9l se recrean las situaciones que en el d\u00eda a d\u00eda de la gesti\u00f3n municipal involucran a este Servicio.<\/p>\n<p style=\"text-align: justify;\">A pesar de ser un v\u00eddeo realizado en el a\u00f1o 1984 contin\u00faa siendo v\u00e1lido para entender el trabajo de los Archivos Municipales. Los procesos que en \u00e9l se explican siguen siendo los mismos pero adaptados tecnol\u00f3gicamente a los tiempos actuales.<\/p>\n<p style=\"text-align: justify;\">En la realizaci\u00f3n del mismo particip\u00f3 entre otros el Archivo Municipal de Alcal\u00e1 de Henares.<\/p>\n<p>[\/vc_column_text][\/vc_column][\/vc_row][vc_row css_animation=\u00bb\u00bb row_type=\u00bbrow\u00bb use_row_as_full_screen_section=\u00bbno\u00bb type=\u00bbfull_width\u00bb angled_section=\u00bbno\u00bb text_align=\u00bbleft\u00bb background_image_as_pattern=\u00bbwithout_pattern\u00bb][vc_column][vc_empty_space][\/vc_column][\/vc_row][vc_row css_animation=\u00bb\u00bb row_type=\u00bbrow\u00bb use_row_as_full_screen_section=\u00bbno\u00bb type=\u00bbfull_width\u00bb angled_section=\u00bbno\u00bb text_align=\u00bbleft\u00bb background_image_as_pattern=\u00bbwithout_pattern\u00bb][vc_column][vc_empty_space][\/vc_column][\/vc_row][vc_row css_animation=\u00bb\u00bb row_type=\u00bbrow\u00bb use_row_as_full_screen_section=\u00bbno\u00bb type=\u00bbfull_width\u00bb angled_section=\u00bbno\u00bb text_align=\u00bbcenter\u00bb background_image_as_pattern=\u00bbwithout_pattern\u00bb z_index=\u00bb\u00bb][vc_column width=\u00bb1\/3&#8243;][\/vc_column][vc_column width=\u00bb1\/3&#8243;][vc_column_text]\n<div class=\"wp-block-presto-player-reusable-edit\"><!--presto-player:video_id=2--><figure class=\"wp-block-video presto-block-video  presto-provider-youtube\" style=\"--plyr-color-main: #00b3ff; --presto-player-logo-width: 150px; \">\n    <presto-player  id=\"presto-player-1\" src=\"\/\/www.youtube.com\/embed\/jh5v4S8yHrk?iv_load_policy=3&amp;modestbranding=1&amp;playinline=0&amp;showinfo=0&amp;rel=0&amp;enablejsapi=1\" media-title=\"Archivos Municipales\" css=\"\" class=\"presto-video-id-2 presto-preset-id-3 skin-modern\" skin=\"modern\" icon-url=\"https:\/\/archivovirtual.ayto-alcaladehenares.es\/wp-content\/plugins\/presto-player\/img\/sprite.svg\" preload=\"\" poster=\"\"   >\n        \n    <div class=\"presto-iframe-fallback-container\">\n        <iframe style=\"width: 100%\" title=\"Youtube Video\" class=\"presto-fallback-iframe\" id=\"presto-iframe-fallback-1\" data-src=\"https:\/\/www.youtube.com\/embed\/jh5v4S8yHrk?iv_load_policy=3&amp;modestbranding=1&amp;playsinline=1&amp;showinfo=0&amp;rel=0&amp;enablejsapi=1\" allowfullscreen allowtransparency allow=\"autoplay\"><\/iframe>\n    <\/div>\n\n    <\/presto-player>\n<\/figure>        <script>\n            var player = document.querySelector('presto-player#presto-player-1');\n            player.video_id = 2;\n                                                player.preset = {\"id\":3,\"name\":\"Simple\",\"slug\":\"simple\",\"icon\":\"video-alt3\",\"skin\":\"modern\",\"play-large\":true,\"rewind\":false,\"play\":true,\"fast-forward\":false,\"progress\":true,\"current-time\":false,\"mute\":false,\"volume\":false,\"speed\":false,\"pip\":false,\"fullscreen\":true,\"captions\":false,\"reset_on_end\":true,\"auto_hide\":true,\"captions_enabled\":false,\"save_player_position\":false,\"sticky_scroll\":false,\"sticky_scroll_position\":\"bottom right\",\"on_video_end\":\"select\",\"play_video_viewport\":false,\"hide_youtube\":true,\"lazy_load_youtube\":false,\"hide_logo\":false,\"border_radius\":0,\"caption_style\":\"\",\"caption_background\":\"\",\"is_locked\":true,\"cta\":[\"\"],\"watermark\":[\"\"],\"search\":[\"\"],\"email_collection\":[\"\"],\"action_bar\":[\"\"],\"created_by\":3,\"created_at\":\"2023-03-17 19:28:29\",\"updated_at\":\"2023-03-17 19:28:29\",\"deleted_at\":\"\"};\n                                                                player.chapters = [];\n                                                                player.overlays = [];\n                                                                player.tracks = [];\n                                                                player.branding = {\"logo\":\"\",\"color\":\"#00b3ff\",\"logo_width\":150,\"player_css\":\"\"};\n                                                                player.blockAttributes = {\"id\":2,\"src\":\"https:\\\/\\\/youtu.be\\\/jh5v4S8yHrk\",\"preset\":3,\"video_id\":\"jh5v4S8yHrk\",\"color\":\"#00b3ff\",\"pip\":true,\"fullscreen\":true,\"captions\":false,\"hideControls\":true,\"playLarge\":true,\"chapters\":[],\"overlays\":[],\"speed\":true,\"title\":\"Archivos Municipales\"};\n                                                                                            player.skin = \"modern\";\n                                                                player.analytics = false;\n                                                                player.automations = true;\n                                                                player.provider = \"youtube\";\n                                                                player.video_id = 2;\n                                                                                                                        player.provider_video_id = \"jh5v4S8yHrk\";\n                                                                player.youtube = {\"noCookie\":false,\"channelId\":\"\",\"show_count\":false};\n                                    <\/script>\n        <\/div>\n[\/vc_column_text][\/vc_column][vc_column width=\u00bb1\/3&#8243;][\/vc_column][\/vc_row]<\/p>\n<\/section>","protected":false},"excerpt":{"rendered":"<p>[vc_row css_animation=\u00bb\u00bb row_type=\u00bbrow\u00bb use_row_as_full_screen_section=\u00bbno\u00bb type=\u00bbfull_width\u00bb angled_section=\u00bbno\u00bb text_align=\u00bbleft\u00bb background_image_as_pattern=\u00bbwithout_pattern\u00bb][vc_column][layerslider_vc id=\u00bb24&#8243;][\/vc_column][\/vc_row][vc_row css_animation=\u00bb\u00bb row_type=\u00bbrow\u00bb use_row_as_full_screen_section=\u00bbno\u00bb type=\u00bbfull_width\u00bb angled_section=\u00bbno\u00bb text_align=\u00bbleft\u00bb background_image_as_pattern=\u00bbwithout_pattern\u00bb][vc_column][vc_empty_space][\/vc_column][\/vc_row][vc_row css_animation=\u00bb\u00bb row_type=\u00bbrow\u00bb use_row_as_full_screen_section=\u00bbno\u00bb type=\u00bbfull_width\u00bb angled_section=\u00bbno\u00bb text_align=\u00bbleft\u00bb background_image_as_pattern=\u00bbwithout_pattern\u00bb z_index=\u00bb\u00bb side_padding=\u00bb10&#8243;][vc_column][vc_column_text] A trav\u00e9s de este v\u00eddeo realizado por la Comunidad de Madrid podr\u00e1s conocer en profundidad que es un Archivo Municipal&#8230;<\/p>\n","protected":false},"author":3,"featured_media":0,"parent":0,"menu_order":0,"comment_status":"closed","ping_status":"closed","template":"full_width.php","meta":[],"_links":{"self":[{"href":"https:\/\/archivovirtual.ayto-alcaladehenares.es\/index.php\/wp-json\/wp\/v2\/pages\/523"}],"collection":[{"href":"https:\/\/archivovirtual.ayto-alcaladehenares.es\/index.php\/wp-json\/wp\/v2\/pages"}],"about":[{"href":"https:\/\/archivovirtual.ayto-alcaladehenares.es\/index.php\/wp-json\/wp\/v2\/types\/page"}],"author":[{"embeddable":true,"href":"https:\/\/archivovirtual.ayto-alcaladehenares.es\/index.php\/wp-json\/wp\/v2\/users\/3"}],"replies":[{"embeddable":true,"href":"https:\/\/archivovirtual.ayto-alcaladehenares.es\/index.php\/wp-json\/wp\/v2\/comments?post=523"}],"version-history":[{"count":4,"href":"https:\/\/archivovirtual.ayto-alcaladehenares.es\/index.php\/wp-json\/wp\/v2\/pages\/523\/revisions"}],"predecessor-version":[{"id":574,"href":"https:\/\/archivovirtual.ayto-alcaladehenares.es\/index.php\/wp-json\/wp\/v2\/pages\/523\/revisions\/574"}],"wp:attachment":[{"href":"https:\/\/archivovirtual.ayto-alcaladehenares.es\/index.php\/wp-json\/wp\/v2\/media?parent=523"}],"curies":[{"name":"wp","href":"https:\/\/api.w.org\/{rel}","templated":true}]}}