{"id":49,"date":"2017-10-06T11:58:18","date_gmt":"2017-10-06T11:58:18","guid":{"rendered":"https:\/\/archivovirtual.ayto-alcaladehenares.es\/?page_id=49"},"modified":"2023-03-17T10:18:46","modified_gmt":"2023-03-17T10:18:46","slug":"exposiciones","status":"publish","type":"page","link":"https:\/\/archivovirtual.ayto-alcaladehenares.es\/index.php\/exposiciones\/","title":{"rendered":"Exposiciones"},"content":{"rendered":"<section class=\"wpb-content-wrapper\"><p>[vc_row css_animation=\u00bb\u00bb row_type=\u00bbrow\u00bb use_row_as_full_screen_section=\u00bbno\u00bb type=\u00bbfull_width\u00bb angled_section=\u00bbno\u00bb text_align=\u00bbleft\u00bb background_image_as_pattern=\u00bbwithout_pattern\u00bb][vc_column][layerslider_vc id=\u00bb26&#8243;][\/vc_column][\/vc_row][vc_row css_animation=\u00bb\u00bb row_type=\u00bbrow\u00bb use_row_as_full_screen_section=\u00bbno\u00bb type=\u00bbfull_width\u00bb angled_section=\u00bbno\u00bb text_align=\u00bbleft\u00bb background_image_as_pattern=\u00bbwithout_pattern\u00bb][vc_column][vc_empty_space][\/vc_column][\/vc_row][vc_row css_animation=\u00bb\u00bb row_type=\u00bbrow\u00bb use_row_as_full_screen_section=\u00bbno\u00bb type=\u00bbfull_width\u00bb angled_section=\u00bbno\u00bb text_align=\u00bbleft\u00bb background_image_as_pattern=\u00bbwithout_pattern\u00bb side_padding=\u00bb10&#8243;][vc_column][vc_column_text]La exposiciones virtuales est\u00e1n organizadas como cualquier exposici\u00f3n f\u00edsica.<\/p>\n<p>&nbsp;<\/p>\n<p>Al entrar en una exposici\u00f3n lo primero que ver\u00e1s, es\u00a0una entrada con una peque\u00f1a introducci\u00f3n sobre\u00a0su contenido y tem\u00e1tica. Luego, a su derecha, \u00a0todo un recorrido organizado en salas tem\u00e1ticas siguiendo el gui\u00f3n de la misma.<\/p>\n<p>&nbsp;<\/p>\n<p>Al principio\u00a0de cada sala encontrar\u00e1s las explicaciones pertinentes a los contenidos mostrados dentro de ella.<\/p>\n<p>&nbsp;<\/p>\n<p>\u00a1Entra y disfruta![\/vc_column_text][\/vc_column][\/vc_row][vc_row css_animation=\u00bb\u00bb row_type=\u00bbrow\u00bb use_row_as_full_screen_section=\u00bbno\u00bb type=\u00bbfull_width\u00bb angled_section=\u00bbno\u00bb text_align=\u00bbleft\u00bb background_image_as_pattern=\u00bbwithout_pattern\u00bb][vc_column][vc_empty_space][\/vc_column][\/vc_row][vc_row css_animation=\u00bb\u00bb row_type=\u00bbrow\u00bb use_row_as_full_screen_section=\u00bbno\u00bb type=\u00bbfull_width\u00bb angled_section=\u00bbno\u00bb text_align=\u00bbleft\u00bb background_image_as_pattern=\u00bbwithout_pattern\u00bb side_padding=\u00bb10&#8243;][vc_column][vc_column_text]<\/p>\n<div class=\"iframecustomholder\"><iframe loading=\"lazy\" id=\"mediaselectoriframe\" title=\"Archivado\" src=\"https:\/\/archivovirtual.ayto-alcaladehenares.es\/escritorio\/seeexposiciones.aspx?wpuser=wpuser&amp;lang=es-ES\" width=\"100%\" height=\"800\" frameborder=\"0\"><\/iframe><\/div>\n<p>[\/vc_column_text][\/vc_column][\/vc_row]<\/p>\n<\/section>","protected":false},"excerpt":{"rendered":"<p>[vc_row css_animation=\u00bb\u00bb row_type=\u00bbrow\u00bb use_row_as_full_screen_section=\u00bbno\u00bb type=\u00bbfull_width\u00bb angled_section=\u00bbno\u00bb text_align=\u00bbleft\u00bb background_image_as_pattern=\u00bbwithout_pattern\u00bb][vc_column][layerslider_vc id=\u00bb26&#8243;][\/vc_column][\/vc_row][vc_row css_animation=\u00bb\u00bb row_type=\u00bbrow\u00bb use_row_as_full_screen_section=\u00bbno\u00bb type=\u00bbfull_width\u00bb angled_section=\u00bbno\u00bb text_align=\u00bbleft\u00bb background_image_as_pattern=\u00bbwithout_pattern\u00bb][vc_column][vc_empty_space][\/vc_column][\/vc_row][vc_row css_animation=\u00bb\u00bb row_type=\u00bbrow\u00bb use_row_as_full_screen_section=\u00bbno\u00bb type=\u00bbfull_width\u00bb angled_section=\u00bbno\u00bb text_align=\u00bbleft\u00bb background_image_as_pattern=\u00bbwithout_pattern\u00bb side_padding=\u00bb10&#8243;][vc_column][vc_column_text]La exposiciones virtuales est\u00e1n organizadas como cualquier exposici\u00f3n f\u00edsica. &nbsp; Al entrar en una exposici\u00f3n lo primero que ver\u00e1s, es\u00a0una entrada con&#8230;<\/p>\n","protected":false},"author":1,"featured_media":0,"parent":0,"menu_order":0,"comment_status":"closed","ping_status":"closed","template":"full_width.php","meta":[],"_links":{"self":[{"href":"https:\/\/archivovirtual.ayto-alcaladehenares.es\/index.php\/wp-json\/wp\/v2\/pages\/49"}],"collection":[{"href":"https:\/\/archivovirtual.ayto-alcaladehenares.es\/index.php\/wp-json\/wp\/v2\/pages"}],"about":[{"href":"https:\/\/archivovirtual.ayto-alcaladehenares.es\/index.php\/wp-json\/wp\/v2\/types\/page"}],"author":[{"embeddable":true,"href":"https:\/\/archivovirtual.ayto-alcaladehenares.es\/index.php\/wp-json\/wp\/v2\/users\/1"}],"replies":[{"embeddable":true,"href":"https:\/\/archivovirtual.ayto-alcaladehenares.es\/index.php\/wp-json\/wp\/v2\/comments?post=49"}],"version-history":[{"count":2,"href":"https:\/\/archivovirtual.ayto-alcaladehenares.es\/index.php\/wp-json\/wp\/v2\/pages\/49\/revisions"}],"predecessor-version":[{"id":546,"href":"https:\/\/archivovirtual.ayto-alcaladehenares.es\/index.php\/wp-json\/wp\/v2\/pages\/49\/revisions\/546"}],"wp:attachment":[{"href":"https:\/\/archivovirtual.ayto-alcaladehenares.es\/index.php\/wp-json\/wp\/v2\/media?parent=49"}],"curies":[{"name":"wp","href":"https:\/\/api.w.org\/{rel}","templated":true}]}}